{"id":2417,"date":"2022-08-26T22:19:16","date_gmt":"2022-08-26T20:19:16","guid":{"rendered":"http:\/\/localhost\/wordpress\/?page_id=2417"},"modified":"2026-01-13T10:54:51","modified_gmt":"2026-01-13T09:54:51","slug":"preisliste","status":"publish","type":"page","link":"https:\/\/haarstudio-alexandra.de\/?page_id=2417","title":{"rendered":"Preisliste"},"content":{"rendered":"\t\t<div data-elementor-type=\"wp-page\" data-elementor-id=\"2417\" class=\"elementor elementor-2417\">\n\t\t\t\t\t\t<section class=\"elementor-section elementor-top-section elementor-element elementor-element-bc55c11 elementor-section-boxed elementor-section-height-default elementor-section-height-default\" data-id=\"bc55c11\" data-element_type=\"section\">\n\t\t\t\t\t\t<div class=\"elementor-container elementor-column-gap-default\">\n\t\t\t\t\t<div class=\"elementor-column elementor-col-100 elementor-top-column elementor-element elementor-element-d82c213\" data-id=\"d82c213\" data-element_type=\"column\">\n\t\t\t<div class=\"elementor-widget-wrap elementor-element-populated\">\n\t\t\t\t\t\t<div class=\"elementor-element elementor-element-7a6bd79 elementor-widget elementor-widget-heading\" data-id=\"7a6bd79\" data-element_type=\"widget\" data-widget_type=\"heading.default\">\n\t\t\t\t<div class=\"elementor-widget-container\">\n\t\t\t\t\t<h2 class=\"elementor-heading-title elementor-size-default\">Damen <\/h2>\t\t\t\t<\/div>\n\t\t\t\t<\/div>\n\t\t\t\t<section class=\"elementor-section elementor-inner-section elementor-element elementor-element-bf53685 elementor-section-boxed elementor-section-height-default elementor-section-height-default\" data-id=\"bf53685\" data-element_type=\"section\">\n\t\t\t\t\t\t<div class=\"elementor-container elementor-column-gap-default\">\n\t\t\t\t\t<div class=\"elementor-column elementor-col-50 elementor-inner-column elementor-element elementor-element-1f7255b\" data-id=\"1f7255b\" data-element_type=\"column\">\n\t\t\t<div class=\"elementor-widget-wrap elementor-element-populated\">\n\t\t\t\t\t\t<div class=\"elementor-element elementor-element-c38fb29 elementor-widget elementor-widget-oew-price-list\" data-id=\"c38fb29\" data-element_type=\"widget\" data-widget_type=\"oew-price-list.default\">\n\t\t\t\t<div class=\"elementor-widget-container\">\n\t\t\t\t\t\n\t\t<div class=\"oew-price-list oew-price-list-side\">\n\n\t\t\t\n\t\t\t\t\t<a class=\"oew-price-list-item\" href=\"#\">\n\n\t\t\t\t\t\t\t\t\t\n\t\t\t\t\t<div class=\"oew-price-list-text\">\n\n\t\t\t\t\t\t<div class=\"oew-price-list-header\">\n\n\t\t\t\t\t\t\t<span class=\"oew-price-list-title\">Waschen, Schneiden, F\u00f6hnen ab<\/span>\n\n\t\t\t\t\t\t\t\t\t\t\t\t\t\t\t<span class=\"oew-price-list-separator\"><\/span>\n\t\t\t\t\t\t\t\n\t\t<div class=\"oew-price-list-price-wrap\">\n\t\t\t\n\t\t\t<span class=\"oew-price-list-price\">\u20ac45<\/span>\n\t\t<\/div>\n\n\t\n\t\t\t\t\t\t<\/div>\n\n\t\t\t\t\t\t\n\t\t\t\t\t<\/div>\n\n\t\t\t\t\t\t\t\t\t<\/a>\n\t\t\t\t\n\t\t\t\n\t\t\t\t\t<a class=\"oew-price-list-item\" href=\"#\">\n\n\t\t\t\t\t\t\t\t\t\n\t\t\t\t\t<div class=\"oew-price-list-text\">\n\n\t\t\t\t\t\t<div class=\"oew-price-list-header\">\n\n\t\t\t\t\t\t\t<span class=\"oew-price-list-title\">Ansatz - Farbe inkl. Schnitt und Frisur ab<\/span>\n\n\t\t\t\t\t\t\t\t\t\t\t\t\t\t\t<span class=\"oew-price-list-separator\"><\/span>\n\t\t\t\t\t\t\t\n\t\t<div class=\"oew-price-list-price-wrap\">\n\t\t\t\n\t\t\t<span class=\"oew-price-list-price\">\u20ac79<\/span>\n\t\t<\/div>\n\n\t\n\t\t\t\t\t\t<\/div>\n\n\t\t\t\t\t\t\n\t\t\t\t\t<\/div>\n\n\t\t\t\t\t\t\t\t\t<\/a>\n\t\t\t\t\n\t\t\t\n\t\t\t\t\t<a class=\"oew-price-list-item\" href=\"#\">\n\n\t\t\t\t\t\t\t\t\t\n\t\t\t\t\t<div class=\"oew-price-list-text\">\n\n\t\t\t\t\t\t<div class=\"oew-price-list-header\">\n\n\t\t\t\t\t\t\t<span class=\"oew-price-list-title\">Dauer- und Volumenwelle inkl. Schnitt und Frisur ab <\/span>\n\n\t\t\t\t\t\t\t\t\t\t\t\t\t\t\t<span class=\"oew-price-list-separator\"><\/span>\n\t\t\t\t\t\t\t\n\t\t<div class=\"oew-price-list-price-wrap\">\n\t\t\t\n\t\t\t<span class=\"oew-price-list-price\">\u20ac82<\/span>\n\t\t<\/div>\n\n\t\n\t\t\t\t\t\t<\/div>\n\n\t\t\t\t\t\t\n\t\t\t\t\t<\/div>\n\n\t\t\t\t\t\t\t\t\t<\/a>\n\t\t\t\t\n\t\t\t\n\t\t<\/div>\n\n\t\t\t\t\t<\/div>\n\t\t\t\t<\/div>\n\t\t\t\t\t<\/div>\n\t\t<\/div>\n\t\t\t\t<div class=\"elementor-column elementor-col-50 elementor-inner-column elementor-element elementor-element-6fc3dc2\" data-id=\"6fc3dc2\" data-element_type=\"column\">\n\t\t\t<div class=\"elementor-widget-wrap elementor-element-populated\">\n\t\t\t\t\t\t<div class=\"elementor-element elementor-element-1a21353 elementor-widget elementor-widget-text-editor\" data-id=\"1a21353\" data-element_type=\"widget\" data-widget_type=\"text-editor.default\">\n\t\t\t\t<div class=\"elementor-widget-container\">\n\t\t\t\t\t\t\t\t\t<p>Mehr Infos zu Str\u00e4hnen, Hochsteckfrisuren, Brautservice, MakeUp, u.v.m. erhaltet ihr bei einem pers\u00f6nlichem Beratungsgespr\u00e4ch. Die Preise gestalten sich individuell nach zeitlichem Aufwand und Materialverbrauch.<\/p>\t\t\t\t\t\t\t\t<\/div>\n\t\t\t\t<\/div>\n\t\t\t\t\t<\/div>\n\t\t<\/div>\n\t\t\t\t\t<\/div>\n\t\t<\/section>\n\t\t\t\t<div class=\"elementor-element elementor-element-03f854d elementor-widget-divider--view-line elementor-widget elementor-widget-divider\" data-id=\"03f854d\" data-element_type=\"widget\" data-widget_type=\"divider.default\">\n\t\t\t\t<div class=\"elementor-widget-container\">\n\t\t\t\t\t\t\t<div class=\"elementor-divider\">\n\t\t\t<span class=\"elementor-divider-separator\">\n\t\t\t\t\t\t<\/span>\n\t\t<\/div>\n\t\t\t\t\t\t<\/div>\n\t\t\t\t<\/div>\n\t\t\t\t<div class=\"elementor-element elementor-element-85f4506 elementor-widget elementor-widget-heading\" data-id=\"85f4506\" data-element_type=\"widget\" data-widget_type=\"heading.default\">\n\t\t\t\t<div class=\"elementor-widget-container\">\n\t\t\t\t\t<h2 class=\"elementor-heading-title elementor-size-default\">Herren <\/h2>\t\t\t\t<\/div>\n\t\t\t\t<\/div>\n\t\t\t\t<section class=\"elementor-section elementor-inner-section elementor-element elementor-element-d12772c elementor-section-boxed elementor-section-height-default elementor-section-height-default\" data-id=\"d12772c\" data-element_type=\"section\">\n\t\t\t\t\t\t<div class=\"elementor-container elementor-column-gap-default\">\n\t\t\t\t\t<div class=\"elementor-column elementor-col-50 elementor-inner-column elementor-element elementor-element-fd28c67\" data-id=\"fd28c67\" data-element_type=\"column\">\n\t\t\t<div class=\"elementor-widget-wrap elementor-element-populated\">\n\t\t\t\t\t\t<div class=\"elementor-element elementor-element-cd785a4 elementor-widget elementor-widget-oew-price-list\" data-id=\"cd785a4\" data-element_type=\"widget\" data-widget_type=\"oew-price-list.default\">\n\t\t\t\t<div class=\"elementor-widget-container\">\n\t\t\t\t\t\n\t\t<div class=\"oew-price-list oew-price-list-side\">\n\n\t\t\t\n\t\t\t\t\t<a class=\"oew-price-list-item\" href=\"#\">\n\n\t\t\t\t\t\t\t\t\t\n\t\t\t\t\t<div class=\"oew-price-list-text\">\n\n\t\t\t\t\t\t<div class=\"oew-price-list-header\">\n\n\t\t\t\t\t\t\t<span class=\"oew-price-list-title\">Waschen, Schneiden<\/span>\n\n\t\t\t\t\t\t\t\t\t\t\t\t\t\t\t<span class=\"oew-price-list-separator\"><\/span>\n\t\t\t\t\t\t\t\n\t\t<div class=\"oew-price-list-price-wrap\">\n\t\t\t\n\t\t\t<span class=\"oew-price-list-price\">\u20ac32<\/span>\n\t\t<\/div>\n\n\t\n\t\t\t\t\t\t<\/div>\n\n\t\t\t\t\t\t\n\t\t\t\t\t<\/div>\n\n\t\t\t\t\t\t\t\t\t<\/a>\n\t\t\t\t\n\t\t\t\n\t\t<\/div>\n\n\t\t\t\t\t<\/div>\n\t\t\t\t<\/div>\n\t\t\t\t\t<\/div>\n\t\t<\/div>\n\t\t\t\t<div class=\"elementor-column elementor-col-50 elementor-inner-column elementor-element elementor-element-faf6eab\" data-id=\"faf6eab\" data-element_type=\"column\">\n\t\t\t<div class=\"elementor-widget-wrap elementor-element-populated\">\n\t\t\t\t\t\t\t<\/div>\n\t\t<\/div>\n\t\t\t\t\t<\/div>\n\t\t<\/section>\n\t\t\t\t<div class=\"elementor-element elementor-element-84b685d elementor-widget-divider--view-line elementor-widget elementor-widget-divider\" data-id=\"84b685d\" data-element_type=\"widget\" data-widget_type=\"divider.default\">\n\t\t\t\t<div class=\"elementor-widget-container\">\n\t\t\t\t\t\t\t<div class=\"elementor-divider\">\n\t\t\t<span class=\"elementor-divider-separator\">\n\t\t\t\t\t\t<\/span>\n\t\t<\/div>\n\t\t\t\t\t\t<\/div>\n\t\t\t\t<\/div>\n\t\t\t\t<div class=\"elementor-element elementor-element-dbe4f5f elementor-widget elementor-widget-heading\" data-id=\"dbe4f5f\" data-element_type=\"widget\" data-widget_type=\"heading.default\">\n\t\t\t\t<div class=\"elementor-widget-container\">\n\t\t\t\t\t<h2 class=\"elementor-heading-title elementor-size-default\">Kinder und Jugendliche<\/h2>\t\t\t\t<\/div>\n\t\t\t\t<\/div>\n\t\t\t\t<section class=\"elementor-section elementor-inner-section elementor-element elementor-element-3e8073b elementor-section-boxed elementor-section-height-default elementor-section-height-default\" data-id=\"3e8073b\" data-element_type=\"section\">\n\t\t\t\t\t\t<div class=\"elementor-container elementor-column-gap-default\">\n\t\t\t\t\t<div class=\"elementor-column elementor-col-50 elementor-inner-column elementor-element elementor-element-a4a95dd\" data-id=\"a4a95dd\" data-element_type=\"column\">\n\t\t\t<div class=\"elementor-widget-wrap elementor-element-populated\">\n\t\t\t\t\t\t<div class=\"elementor-element elementor-element-754c295 elementor-widget elementor-widget-oew-price-list\" data-id=\"754c295\" data-element_type=\"widget\" data-widget_type=\"oew-price-list.default\">\n\t\t\t\t<div class=\"elementor-widget-container\">\n\t\t\t\t\t\n\t\t<div class=\"oew-price-list oew-price-list-side\">\n\n\t\t\t\n\t\t\t\t\t<a class=\"oew-price-list-item\" href=\"#\">\n\n\t\t\t\t\t\t\t\t\t\n\t\t\t\t\t<div class=\"oew-price-list-text\">\n\n\t\t\t\t\t\t<div class=\"oew-price-list-header\">\n\n\t\t\t\t\t\t\t<span class=\"oew-price-list-title\">Schneiden ab<\/span>\n\n\t\t\t\t\t\t\t\t\t\t\t\t\t\t\t<span class=\"oew-price-list-separator\"><\/span>\n\t\t\t\t\t\t\t\n\t\t<div class=\"oew-price-list-price-wrap\">\n\t\t\t\n\t\t\t<span class=\"oew-price-list-price\">\u20ac19<\/span>\n\t\t<\/div>\n\n\t\n\t\t\t\t\t\t<\/div>\n\n\t\t\t\t\t\t\n\t\t\t\t\t<\/div>\n\n\t\t\t\t\t\t\t\t\t<\/a>\n\t\t\t\t\n\t\t\t\n\t\t<\/div>\n\n\t\t\t\t\t<\/div>\n\t\t\t\t<\/div>\n\t\t\t\t\t<\/div>\n\t\t<\/div>\n\t\t\t\t<div class=\"elementor-column elementor-col-50 elementor-inner-column elementor-element elementor-element-cb36ffe\" data-id=\"cb36ffe\" data-element_type=\"column\">\n\t\t\t<div class=\"elementor-widget-wrap\">\n\t\t\t\t\t\t\t<\/div>\n\t\t<\/div>\n\t\t\t\t\t<\/div>\n\t\t<\/section>\n\t\t\t\t<div class=\"elementor-element elementor-element-d35080f elementor-widget elementor-widget-spacer\" data-id=\"d35080f\" data-element_type=\"widget\" data-widget_type=\"spacer.default\">\n\t\t\t\t<div class=\"elementor-widget-container\">\n\t\t\t\t\t\t\t<div class=\"elementor-spacer\">\n\t\t\t<div class=\"elementor-spacer-inner\"><\/div>\n\t\t<\/div>\n\t\t\t\t\t\t<\/div>\n\t\t\t\t<\/div>\n\t\t\t\t<div class=\"elementor-element elementor-element-11399f8 elementor-widget-divider--view-line elementor-widget elementor-widget-divider\" data-id=\"11399f8\" data-element_type=\"widget\" data-widget_type=\"divider.default\">\n\t\t\t\t<div class=\"elementor-widget-container\">\n\t\t\t\t\t\t\t<div class=\"elementor-divider\">\n\t\t\t<span class=\"elementor-divider-separator\">\n\t\t\t\t\t\t<\/span>\n\t\t<\/div>\n\t\t\t\t\t\t<\/div>\n\t\t\t\t<\/div>\n\t\t\t\t<div class=\"elementor-element elementor-element-7ffdf36 elementor-widget elementor-widget-heading\" data-id=\"7ffdf36\" data-element_type=\"widget\" data-widget_type=\"heading.default\">\n\t\t\t\t<div class=\"elementor-widget-container\">\n\t\t\t\t\t<h2 class=\"elementor-heading-title elementor-size-default\">Extras<\/h2>\t\t\t\t<\/div>\n\t\t\t\t<\/div>\n\t\t\t\t<section class=\"elementor-section elementor-inner-section elementor-element elementor-element-0d6632c elementor-section-boxed elementor-section-height-default elementor-section-height-default\" data-id=\"0d6632c\" data-element_type=\"section\">\n\t\t\t\t\t\t<div class=\"elementor-container elementor-column-gap-default\">\n\t\t\t\t\t<div class=\"elementor-column elementor-col-50 elementor-inner-column elementor-element elementor-element-c6cf0f9\" data-id=\"c6cf0f9\" data-element_type=\"column\">\n\t\t\t<div class=\"elementor-widget-wrap elementor-element-populated\">\n\t\t\t\t\t\t<div class=\"elementor-element elementor-element-dff06d1 elementor-widget elementor-widget-oew-price-list\" data-id=\"dff06d1\" data-element_type=\"widget\" data-widget_type=\"oew-price-list.default\">\n\t\t\t\t<div class=\"elementor-widget-container\">\n\t\t\t\t\t\n\t\t<div class=\"oew-price-list oew-price-list-side\">\n\n\t\t\t\n\t\t\t\t\t<a class=\"oew-price-list-item\" href=\"#\">\n\n\t\t\t\t\t\t\t\t\t\n\t\t\t\t\t<div class=\"oew-price-list-text\">\n\n\t\t\t\t\t\t<div class=\"oew-price-list-header\">\n\n\t\t\t\t\t\t\t<span class=\"oew-price-list-title\">Wimpern f\u00e4rben<\/span>\n\n\t\t\t\t\t\t\t\t\t\t\t\t\t\t\t<span class=\"oew-price-list-separator\"><\/span>\n\t\t\t\t\t\t\t\n\t\t<div class=\"oew-price-list-price-wrap\">\n\t\t\t\n\t\t\t<span class=\"oew-price-list-price\">\u20ac11<\/span>\n\t\t<\/div>\n\n\t\n\t\t\t\t\t\t<\/div>\n\n\t\t\t\t\t\t\n\t\t\t\t\t<\/div>\n\n\t\t\t\t\t\t\t\t\t<\/a>\n\t\t\t\t\n\t\t\t\n\t\t\t\t\t<a class=\"oew-price-list-item\" href=\"#\">\n\n\t\t\t\t\t\t\t\t\t\n\t\t\t\t\t<div class=\"oew-price-list-text\">\n\n\t\t\t\t\t\t<div class=\"oew-price-list-header\">\n\n\t\t\t\t\t\t\t<span class=\"oew-price-list-title\">Augenbrauen f\u00e4rben<\/span>\n\n\t\t\t\t\t\t\t\t\t\t\t\t\t\t\t<span class=\"oew-price-list-separator\"><\/span>\n\t\t\t\t\t\t\t\n\t\t<div class=\"oew-price-list-price-wrap\">\n\t\t\t\n\t\t\t<span class=\"oew-price-list-price\">\u20ac6<\/span>\n\t\t<\/div>\n\n\t\n\t\t\t\t\t\t<\/div>\n\n\t\t\t\t\t\t\n\t\t\t\t\t<\/div>\n\n\t\t\t\t\t\t\t\t\t<\/a>\n\t\t\t\t\n\t\t\t\n\t\t<\/div>\n\n\t\t\t\t\t<\/div>\n\t\t\t\t<\/div>\n\t\t\t\t\t<\/div>\n\t\t<\/div>\n\t\t\t\t<div class=\"elementor-column elementor-col-50 elementor-inner-column elementor-element elementor-element-7f86498\" data-id=\"7f86498\" data-element_type=\"column\">\n\t\t\t<div class=\"elementor-widget-wrap\">\n\t\t\t\t\t\t\t<\/div>\n\t\t<\/div>\n\t\t\t\t\t<\/div>\n\t\t<\/section>\n\t\t\t\t\t<\/div>\n\t\t<\/div>\n\t\t\t\t\t<\/div>\n\t\t<\/section>\n\t\t\t\t<\/div>\n\t\t","protected":false},"excerpt":{"rendered":"<p>Damen Waschen, Schneiden, F\u00f6hnen ab \u20ac45 Ansatz &#8211; Farbe inkl. Schnitt und Frisur ab \u20ac79 Dauer- und Volumenwelle inkl. Schnitt und Frisur ab \u20ac82 Mehr Infos zu Str\u00e4hnen, Hochsteckfrisuren, Brautservice, MakeUp, u.v.m. erhaltet ihr bei einem pers\u00f6nlichem Beratungsgespr\u00e4ch. Die Preise gestalten sich individuell nach zeitlichem Aufwand und Materialverbrauch. Herren Waschen, Schneiden \u20ac32 Kinder und Jugendliche [&hellip;]<\/p>\n","protected":false},"author":1,"featured_media":0,"parent":0,"menu_order":0,"comment_status":"closed","ping_status":"closed","template":"","meta":{"ocean_post_layout":"","ocean_both_sidebars_style":"","ocean_both_sidebars_content_width":0,"ocean_both_sidebars_sidebars_width":0,"ocean_sidebar":"","ocean_second_sidebar":"","ocean_disable_margins":"enable","ocean_add_body_class":"","ocean_shortcode_before_top_bar":"","ocean_shortcode_after_top_bar":"","ocean_shortcode_before_header":"","ocean_shortcode_after_header":"","ocean_has_shortcode":"","ocean_shortcode_after_title":"","ocean_shortcode_before_footer_widgets":"","ocean_shortcode_after_footer_widgets":"","ocean_shortcode_before_footer_bottom":"","ocean_shortcode_after_footer_bottom":"","ocean_display_top_bar":"default","ocean_display_header":"default","ocean_header_style":"","ocean_center_header_left_menu":"","ocean_custom_header_template":"","ocean_custom_logo":0,"ocean_custom_retina_logo":0,"ocean_custom_logo_max_width":0,"ocean_custom_logo_tablet_max_width":0,"ocean_custom_logo_mobile_max_width":0,"ocean_custom_logo_max_height":0,"ocean_custom_logo_tablet_max_height":0,"ocean_custom_logo_mobile_max_height":0,"ocean_header_custom_menu":"","ocean_menu_typo_font_family":"","ocean_menu_typo_font_subset":"","ocean_menu_typo_font_size":0,"ocean_menu_typo_font_size_tablet":0,"ocean_menu_typo_font_size_mobile":0,"ocean_menu_typo_font_size_unit":"px","ocean_menu_typo_font_weight":"","ocean_menu_typo_font_weight_tablet":"","ocean_menu_typo_font_weight_mobile":"","ocean_menu_typo_transform":"","ocean_menu_typo_transform_tablet":"","ocean_menu_typo_transform_mobile":"","ocean_menu_typo_line_height":0,"ocean_menu_typo_line_height_tablet":0,"ocean_menu_typo_line_height_mobile":0,"ocean_menu_typo_line_height_unit":"","ocean_menu_typo_spacing":0,"ocean_menu_typo_spacing_tablet":0,"ocean_menu_typo_spacing_mobile":0,"ocean_menu_typo_spacing_unit":"","ocean_menu_link_color":"","ocean_menu_link_color_hover":"","ocean_menu_link_color_active":"","ocean_menu_link_background":"","ocean_menu_link_hover_background":"","ocean_menu_link_active_background":"","ocean_menu_social_links_bg":"","ocean_menu_social_hover_links_bg":"","ocean_menu_social_links_color":"","ocean_menu_social_hover_links_color":"","ocean_disable_title":"default","ocean_disable_heading":"default","ocean_post_title":"","ocean_post_subheading":"","ocean_post_title_style":"","ocean_post_title_background_color":"","ocean_post_title_background":0,"ocean_post_title_bg_image_position":"","ocean_post_title_bg_image_attachment":"","ocean_post_title_bg_image_repeat":"","ocean_post_title_bg_image_size":"","ocean_post_title_height":0,"ocean_post_title_bg_overlay":0.5,"ocean_post_title_bg_overlay_color":"","ocean_disable_breadcrumbs":"default","ocean_breadcrumbs_color":"","ocean_breadcrumbs_separator_color":"","ocean_breadcrumbs_links_color":"","ocean_breadcrumbs_links_hover_color":"","ocean_display_footer_widgets":"default","ocean_display_footer_bottom":"default","ocean_custom_footer_template":"","ofc_enable_fullscreen":"disable","ofc_fullscreen_speed":0,"ofc_fullscreen_nav":"enable","ofc_fullscreen_nav_pos":"right","ofc_fullscreen_nav_color":"","ofc_fullscreen_nav_tooltip_color":"","ofc_fullscreen_responsive":0,"osh_disable_topbar_sticky":"default","osh_disable_header_sticky":"default","osh_sticky_header_style":"default","osh_sticky_header_effect":"","osh_custom_sticky_logo":0,"osh_custom_retina_sticky_logo":0,"osh_custom_sticky_logo_height":0,"osh_background_color":"","osh_links_color":"","osh_links_hover_color":"","osh_links_active_color":"","osh_links_bg_color":"","osh_links_hover_bg_color":"","osh_links_active_bg_color":"","osh_menu_social_links_color":"","osh_menu_social_hover_links_color":"","footnotes":""},"class_list":["post-2417","page","type-page","status-publish","hentry","entry"],"_links":{"self":[{"href":"https:\/\/haarstudio-alexandra.de\/index.php?rest_route=\/wp\/v2\/pages\/2417","targetHints":{"allow":["GET"]}}],"collection":[{"href":"https:\/\/haarstudio-alexandra.de\/index.php?rest_route=\/wp\/v2\/pages"}],"about":[{"href":"https:\/\/haarstudio-alexandra.de\/index.php?rest_route=\/wp\/v2\/types\/page"}],"author":[{"embeddable":true,"href":"https:\/\/haarstudio-alexandra.de\/index.php?rest_route=\/wp\/v2\/users\/1"}],"replies":[{"embeddable":true,"href":"https:\/\/haarstudio-alexandra.de\/index.php?rest_route=%2Fwp%2Fv2%2Fcomments&post=2417"}],"version-history":[{"count":27,"href":"https:\/\/haarstudio-alexandra.de\/index.php?rest_route=\/wp\/v2\/pages\/2417\/revisions"}],"predecessor-version":[{"id":2712,"href":"https:\/\/haarstudio-alexandra.de\/index.php?rest_route=\/wp\/v2\/pages\/2417\/revisions\/2712"}],"wp:attachment":[{"href":"https:\/\/haarstudio-alexandra.de\/index.php?rest_route=%2Fwp%2Fv2%2Fmedia&parent=2417"}],"curies":[{"name":"wp","href":"https:\/\/api.w.org\/{rel}","templated":true}]}}